{"id":3,"date":"2021-08-24T16:24:08","date_gmt":"2021-08-24T14:24:08","guid":{"rendered":"https:\/\/decimal.pl\/?page_id=3"},"modified":"2021-09-27T09:51:10","modified_gmt":"2021-09-27T07:51:10","slug":"polityka-prywatnosci","status":"publish","type":"page","link":"https:\/\/decimal.pl\/?page_id=3","title":{"rendered":"Polityka prywatno\u015bci"},"content":{"rendered":"\n<h2 class=\"wp-block-heading\">Kim jeste\u015bmy<\/h2>\n\n\n\n<ol class=\"wp-block-list\"><li>Operatorem Serwisu www.decimal.pl jest Decimal P.S.A., z siedzib\u0105 w Krakowie przy ul. Ostatnia 1C, wpisan\u0105 do Rejestru Przedsi\u0119biorc\u00f3w, prowadzonego przez S\u0105d Rejonowy dla Krakowa \u015ar\u00f3dmie\u015bcia w Krakowie \u2013 XI Gospodarczy Krajowego Rejestru S\u0105dowego pod numerem 0000919010, numer NIP 9452247293.<\/li><li>Serwis realizuje funkcje pozyskiwania informacji o u\u017cytkownikach i ich zachowaniu w nast\u0119puj\u0105cy spos\u00f3b:<ul><li>Poprzez dobrowolnie wprowadzone w formularzach informacje.<\/li><li>Poprzez zapisywanie w urz\u0105dzeniach ko\u0144cowych pliki cookie (tzw. &#8222;ciasteczka&#8221;).<\/li><\/ul><\/li><\/ol>\n\n\n\n<h2 class=\"wp-block-heading\">Informacje w formularzach<\/h2>\n\n\n\n<ol class=\"wp-block-list\"><li>Serwis zbiera informacje podane dobrowolnie przez u\u017cytkownika.<\/li><li>Serwis mo\u017ce zapisa\u0107 ponadto informacje o parametrach po\u0142\u0105czenia (oznaczenie czasu, adres IP)<\/li><li>Dane w formularzu nie s\u0105 udost\u0119pniane podmiotom trzecim inaczej, ni\u017c za zgod\u0105 u\u017cytkownika.<\/li><li>Dane podane w formularzu mog\u0105 stanowi\u0107 zbi\u00f3r potencjalnych klient\u00f3w, zarejestrowany przez Operatora Serwisu w rejestrze prowadzonym przez Generalnego Inspektora Ochrony Danych Osobowych.<\/li><li>Dane podane w formularzu s\u0105 przetwarzane w celu wynikaj\u0105cym z funkcji konkretnego formularza, np w celu dokonania procesu obs\u0142ugi zg\u0142oszenia serwisowego lub kontaktu handlowego.<\/li><\/ol>\n\n\n\n<h2 class=\"wp-block-heading\">Ciasteczka<\/h2>\n\n\n\n<ol class=\"wp-block-list\"><li>Serwis korzysta z plik\u00f3w cookies.<\/li><li>Pliki cookies (tzw. \u201eciasteczka\u201d) stanowi\u0105 dane informatyczne, w szczeg\u00f3lno\u015bci pliki tekstowe, kt\u00f3re przechowywane s\u0105 w urz\u0105dzeniu ko\u0144cowym U\u017cytkownika Serwisu i przeznaczone s\u0105 do korzystania ze stron internetowych Serwisu. Cookies zazwyczaj zawieraj\u0105 nazw\u0119 strony internetowej, z kt\u00f3rej pochodz\u0105, czas przechowywania ich na urz\u0105dzeniu ko\u0144cowym oraz unikalny numer.<\/li><li>Podmiotem zamieszczaj\u0105cym na urz\u0105dzeniu ko\u0144cowym U\u017cytkownika Serwisu pliki cookies oraz uzyskuj\u0105cym do nich dost\u0119p jest operator Serwisu.<\/li><li>Pliki cookies wykorzystywane s\u0105 w nast\u0119puj\u0105cych celach:<ol><li>tworzenia statystyk, kt\u00f3re pomagaj\u0105 zrozumie\u0107, w jaki spos\u00f3b U\u017cytkownicy Serwisu korzystaj\u0105 ze stron internetowych, co umo\u017cliwia ulepszanie ich struktury i zawarto\u015bci;<\/li><li>utrzymanie sesji U\u017cytkownika Serwisu (po zalogowaniu), dzi\u0119ki kt\u00f3rej U\u017cytkownik nie musi na ka\u017cdej podstronie Serwisu ponownie wpisywa\u0107 loginu i has\u0142a;<\/li><li>okre\u015blania profilu u\u017cytkownika w celu wy\u015bwietlania mu dopasowanych materia\u0142\u00f3w w sieciach reklamowych, w szczeg\u00f3lno\u015bci sieci Google.<\/li><\/ol><\/li><li>W ramach Serwisu stosowane s\u0105 dwa zasadnicze rodzaje plik\u00f3w cookies: \u201esesyjne\u201d (session cookies) oraz \u201esta\u0142e\u201d (persistent cookies). Cookies \u201esesyjne\u201d s\u0105 plikami tymczasowymi, kt\u00f3re przechowywane s\u0105 w urz\u0105dzeniu ko\u0144cowym U\u017cytkownika do czasu wylogowania, opuszczenia strony internetowej lub wy\u0142\u0105czenia oprogramowania (przegl\u0105darki internetowej). \u201eSta\u0142e\u201d pliki cookies przechowywane s\u0105 w urz\u0105dzeniu ko\u0144cowym U\u017cytkownika przez czas okre\u015blony w parametrach plik\u00f3w cookies lub do czasu ich usuni\u0119cia przez U\u017cytkownika.<\/li><li>Oprogramowanie do przegl\u0105dania stron internetowych (przegl\u0105darka internetowa) zazwyczaj domy\u015blnie dopuszcza przechowywanie plik\u00f3w cookies w urz\u0105dzeniu ko\u0144cowym U\u017cytkownika. U\u017cytkownicy Serwisu mog\u0105 dokona\u0107 zmiany ustawie\u0144 w tym zakresie. Przegl\u0105darka internetowa umo\u017cliwia usuni\u0119cie plik\u00f3w cookies. Mo\u017cliwe jest tak\u017ce automatyczne blokowanie plik\u00f3w cookies Szczeg\u00f3\u0142owe informacje na ten temat zawiera pomoc lub dokumentacja przegl\u0105darki internetowej.<\/li><li>Ograniczenia stosowania plik\u00f3w cookies mog\u0105 wp\u0142yn\u0105\u0107 na niekt\u00f3re funkcjonalno\u015bci dost\u0119pne na stronach internetowych Serwisu.<\/li><li>Pliki cookies zamieszczane w urz\u0105dzeniu ko\u0144cowym U\u017cytkownika Serwisu i wykorzystywane mog\u0105 by\u0107 r\u00f3wnie\u017c przez wsp\u00f3\u0142pracuj\u0105cych z operatorem Serwisu reklamodawc\u00f3w oraz partner\u00f3w.<\/li><li>Zalecamy przeczytanie polityki ochrony prywatno\u015bci tych firm, aby pozna\u0107 zasady korzystania z plik\u00f3w cookie wykorzystywane w statystykach:\u00a0<a href=\"https:\/\/www.google.pl\/analytics\/learn\/privacy.html\" target=\"_blank\" rel=\"noreferrer noopener\">Polityka ochrony prywatno\u015bci Google Analytics<\/a><\/li><li>Pliki cookie mog\u0105 by\u0107 wykorzystane przez sieci reklamowe, w szczeg\u00f3lno\u015bci sie\u0107 Google, do wy\u015bwietlenia reklam dopasowanych do sposobu, w jaki u\u017cytkownik korzysta z Serwisu. W tym celu mog\u0105 zachowa\u0107 informacj\u0119 o \u015bcie\u017cce nawigacji u\u017cytkownika lub czasie pozostawania na danej stronie.<\/li><li>W zakresie informacji o preferencjach u\u017cytkownika gromadzonych przez sie\u0107 reklamow\u0105 Google u\u017cytkownik mo\u017ce przegl\u0105da\u0107 i edytowa\u0107 informacje wynikaj\u0105ce z plik\u00f3w cookies przy pomocy narz\u0119dzia:\u00a0<a href=\"https:\/\/www.google.com\/ads\/preferences\/\" target=\"_blank\" rel=\"noreferrer noopener\">https:\/\/www.google.com\/ads\/preferences\/<\/a>.<\/li><\/ol>\n\n\n\n<h2 class=\"wp-block-heading\">Logi serwera<\/h2>\n\n\n\n<ol class=\"wp-block-list\"><li>Informacje o niekt\u00f3rych zachowaniach u\u017cytkownik\u00f3w podlegaj\u0105 logowaniu w warstwie serwerowej. Dane te s\u0105 wykorzystywane wy\u0142\u0105cznie w celu administrowania serwisem oraz w celu zapewnienia jak najbardziej sprawnej obs\u0142ugi \u015bwiadczonych us\u0142ug hostingowych.<\/li><li>Przegl\u0105dane zasoby identyfikowane s\u0105 poprzez adresy URL. Ponadto zapisowi mog\u0105 podlega\u0107:<ol><li>czas nadej\u015bcia zapytania,<\/li><li>czas wys\u0142ania odpowiedzi,<\/li><li>nazw\u0119 stacji klienta \u2013 identyfikacja realizowana przez protok\u00f3\u0142 HTTP,<\/li><li>informacje o b\u0142\u0119dach jakie nast\u0105pi\u0142y przy realizacji transakcji HTTP,<\/li><li>adres URL strony poprzednio odwiedzanej przez u\u017cytkownika (referer link) \u2013 w przypadku gdy przej\u015bcie do Serwisu nast\u0105pi\u0142o przez odno\u015bnik,<\/li><li>informacje o przegl\u0105darce u\u017cytkownika,<\/li><li>Informacje o adresie IP.<\/li><\/ol><\/li><li>Dane powy\u017csze nie s\u0105 kojarzone z konkretnymi osobami przegl\u0105daj\u0105cymi strony.<\/li><li>Dane powy\u017csze s\u0105 wykorzystywane jedynie dla cel\u00f3w administrowania serwerem.<\/li><\/ol>\n\n\n\n<h2 class=\"wp-block-heading\">Udost\u0119pnianie danych<\/h2>\n\n\n\n<ol class=\"wp-block-list\"><li>Dane podlegaj\u0105 udost\u0119pnieniu podmiotom zewn\u0119trznym wy\u0142\u0105cznie w granicach prawnie dozwolonych.<\/li><li>Dane umo\u017cliwiaj\u0105ce identyfikacj\u0119 osoby fizycznej s\u0105 udost\u0119pniane wy\u0142\u0105czenie za zgod\u0105 tej osoby.<\/li><li>Operator mo\u017ce mie\u0107 obowi\u0105zek udzielania informacji zebranych przez Serwis upowa\u017cnionym organom na podstawie zgodnych z prawem \u017c\u0105da\u0144 w zakresie wynikaj\u0105cym z \u017c\u0105dania.<\/li><\/ol>\n\n\n\n<h2 class=\"wp-block-heading\">Zarz\u0105dzanie plikami cookies \u2013 jak w praktyce wyra\u017ca\u0107 i cofa\u0107 zgod\u0119<\/h2>\n\n\n\n<ol class=\"wp-block-list\"><li>Je\u015bli u\u017cytkownik nie chce otrzymywa\u0107 plik\u00f3w cookies, mo\u017ce zmieni\u0107 ustawienia przegl\u0105darki. Zastrzegamy, \u017ce wy\u0142\u0105czenie obs\u0142ugi plik\u00f3w cookies niezb\u0119dnych dla proces\u00f3w uwierzytelniania, bezpiecze\u0144stwa, utrzymania preferencji u\u017cytkownika mo\u017ce utrudni\u0107, a w skrajnych przypadkach mo\u017ce uniemo\u017cliwi\u0107 korzystanie ze stron www<\/li><li>W celu zarz\u0105dzania ustawieniami cookies wybierz z listy poni\u017cej przegl\u0105dark\u0119 internetow\u0105\/ system i post\u0119puj zgodnie z instrukcjami:<ol><li><a href=\"https:\/\/support.microsoft.com\/pl-pl\/microsoft-edge\/usuwanie-plik%C3%B3w-cookie-w-przegl%C4%85darce-microsoft-edge-63947406-40ac-c3b8-57b9-2a946a29ae09\">Microsoft Edge<\/a><\/li><li><a href=\"http:\/\/support.google.com\/chrome\/bin\/answer.py?hl=pl&amp;answer=95647\" target=\"_blank\" rel=\"noreferrer noopener\">Chrome<\/a><\/li><li><a href=\"http:\/\/support.apple.com\/kb\/PH5042\" target=\"_blank\" rel=\"noreferrer noopener\">Safari<\/a><\/li><li><a href=\"http:\/\/support.mozilla.org\/pl\/kb\/W%C5%82%C4%85czanie%20i%20wy%C5%82%C4%85czanie%20obs%C5%82ugi%20ciasteczek\" target=\"_blank\" rel=\"noreferrer noopener\">Firefox<\/a><\/li><li><a href=\"http:\/\/help.opera.com\/Windows\/12.10\/pl\/cookies.html\" target=\"_blank\" rel=\"noreferrer noopener\">Opera<\/a><\/li><li><a href=\"http:\/\/support.google.com\/chrome\/bin\/answer.py?hl=pl&amp;answer=95647\" target=\"_blank\" rel=\"noreferrer noopener\">Android<\/a><\/li><li><a href=\"http:\/\/support.apple.com\/kb\/HT1677?viewlocale=pl_PL\" target=\"_blank\" rel=\"noreferrer noopener\">Safari (iOS)<\/a><\/li><\/ol><\/li><\/ol>\n","protected":false},"excerpt":{"rendered":"<p>Kim jeste\u015bmy Operatorem Serwisu www.decimal.pl jest Decimal P.S.A., z siedzib\u0105 w Krakowie przy ul. Ostatnia 1C, wpisan\u0105 do Rejestru Przedsi\u0119biorc\u00f3w, prowadzonego przez S\u0105d Rejonowy dla Krakowa \u015ar\u00f3dmie\u015bcia w Krakowie \u2013 XI Gospodarczy Krajowego Rejestru S\u0105dowego pod numerem 0000919010, numer NIP 9452247293. Serwis realizuje funkcje pozyskiwania informacji o u\u017cytkownikach i ich zachowaniu w nast\u0119puj\u0105cy spos\u00f3b: Poprzez [&hellip;]<\/p>\n","protected":false},"author":1,"featured_media":0,"parent":0,"menu_order":0,"comment_status":"closed","ping_status":"closed","template":"","meta":{"footnotes":""},"class_list":["post-3","page","type-page","status-publish","hentry"],"yoast_head":"<!-- This site is optimized with the Yoast SEO plugin v27.4 - https:\/\/yoast.com\/product\/yoast-seo-wordpress\/ -->\n<title>Polityka prywatno\u015bci &#8211; Decimal<\/title>\n<meta name=\"robots\" content=\"index, follow, max-snippet:-1, max-image-preview:large, max-video-preview:-1\" \/>\n<link rel=\"canonical\" href=\"https:\/\/decimal.pl\/?page_id=3\" \/>\n<meta property=\"og:locale\" content=\"pl_PL\" \/>\n<meta property=\"og:type\" content=\"article\" \/>\n<meta property=\"og:title\" content=\"Polityka prywatno\u015bci &#8211; Decimal\" \/>\n<meta property=\"og:description\" content=\"Kim jeste\u015bmy Operatorem Serwisu www.decimal.pl jest Decimal P.S.A., z siedzib\u0105 w Krakowie przy ul. Ostatnia 1C, wpisan\u0105 do Rejestru Przedsi\u0119biorc\u00f3w, prowadzonego przez S\u0105d Rejonowy dla Krakowa \u015ar\u00f3dmie\u015bcia w Krakowie \u2013 XI Gospodarczy Krajowego Rejestru S\u0105dowego pod numerem 0000919010, numer NIP 9452247293. Serwis realizuje funkcje pozyskiwania informacji o u\u017cytkownikach i ich zachowaniu w nast\u0119puj\u0105cy spos\u00f3b: Poprzez [&hellip;]\" \/>\n<meta property=\"og:url\" content=\"https:\/\/decimal.pl\/?page_id=3\" \/>\n<meta property=\"og:site_name\" content=\"Decimal\" \/>\n<meta property=\"article:publisher\" content=\"https:\/\/www.facebook.com\/decimalpsa\" \/>\n<meta property=\"article:modified_time\" content=\"2021-09-27T07:51:10+00:00\" \/>\n<meta name=\"twitter:card\" content=\"summary_large_image\" \/>\n<meta name=\"twitter:label1\" content=\"Szacowany czas czytania\" \/>\n\t<meta name=\"twitter:data1\" content=\"4 minuty\" \/>\n<script type=\"application\/ld+json\" class=\"yoast-schema-graph\">{\"@context\":\"https:\\\/\\\/schema.org\",\"@graph\":[{\"@type\":\"WebPage\",\"@id\":\"https:\\\/\\\/decimal.pl\\\/?page_id=3\",\"url\":\"https:\\\/\\\/decimal.pl\\\/?page_id=3\",\"name\":\"Polityka prywatno\u015bci &#8211; Decimal\",\"isPartOf\":{\"@id\":\"https:\\\/\\\/decimal.pl\\\/#website\"},\"datePublished\":\"2021-08-24T14:24:08+00:00\",\"dateModified\":\"2021-09-27T07:51:10+00:00\",\"breadcrumb\":{\"@id\":\"https:\\\/\\\/decimal.pl\\\/?page_id=3#breadcrumb\"},\"inLanguage\":\"pl-PL\",\"potentialAction\":[{\"@type\":\"ReadAction\",\"target\":[\"https:\\\/\\\/decimal.pl\\\/?page_id=3\"]}]},{\"@type\":\"BreadcrumbList\",\"@id\":\"https:\\\/\\\/decimal.pl\\\/?page_id=3#breadcrumb\",\"itemListElement\":[{\"@type\":\"ListItem\",\"position\":1,\"name\":\"Strona g\u0142\u00f3wna\",\"item\":\"https:\\\/\\\/decimal.pl\\\/?page_id=206\"},{\"@type\":\"ListItem\",\"position\":2,\"name\":\"Polityka prywatno\u015bci\"}]},{\"@type\":\"WebSite\",\"@id\":\"https:\\\/\\\/decimal.pl\\\/#website\",\"url\":\"https:\\\/\\\/decimal.pl\\\/\",\"name\":\"Decimal\",\"description\":\"\",\"publisher\":{\"@id\":\"https:\\\/\\\/decimal.pl\\\/#organization\"},\"potentialAction\":[{\"@type\":\"SearchAction\",\"target\":{\"@type\":\"EntryPoint\",\"urlTemplate\":\"https:\\\/\\\/decimal.pl\\\/?s={search_term_string}\"},\"query-input\":{\"@type\":\"PropertyValueSpecification\",\"valueRequired\":true,\"valueName\":\"search_term_string\"}}],\"inLanguage\":\"pl-PL\"},{\"@type\":\"Organization\",\"@id\":\"https:\\\/\\\/decimal.pl\\\/#organization\",\"name\":\"Decimal P.S.A.\",\"url\":\"https:\\\/\\\/decimal.pl\\\/\",\"logo\":{\"@type\":\"ImageObject\",\"inLanguage\":\"pl-PL\",\"@id\":\"https:\\\/\\\/decimal.pl\\\/#\\\/schema\\\/logo\\\/image\\\/\",\"url\":\"https:\\\/\\\/decimal.pl\\\/wp-content\\\/uploads\\\/2021\\\/09\\\/logo-main-decimal.-3.png\",\"contentUrl\":\"https:\\\/\\\/decimal.pl\\\/wp-content\\\/uploads\\\/2021\\\/09\\\/logo-main-decimal.-3.png\",\"width\":1119,\"height\":530,\"caption\":\"Decimal P.S.A.\"},\"image\":{\"@id\":\"https:\\\/\\\/decimal.pl\\\/#\\\/schema\\\/logo\\\/image\\\/\"},\"sameAs\":[\"https:\\\/\\\/www.facebook.com\\\/decimalpsa\",\"https:\\\/\\\/www.instagram.com\\\/decimal.pl\\\/\",\"https:\\\/\\\/www.linkedin.com\\\/company\\\/decimal-p-s-a\"]}]}<\/script>\n<!-- \/ Yoast SEO plugin. -->","yoast_head_json":{"title":"Polityka prywatno\u015bci &#8211; Decimal","robots":{"index":"index","follow":"follow","max-snippet":"max-snippet:-1","max-image-preview":"max-image-preview:large","max-video-preview":"max-video-preview:-1"},"canonical":"https:\/\/decimal.pl\/?page_id=3","og_locale":"pl_PL","og_type":"article","og_title":"Polityka prywatno\u015bci &#8211; Decimal","og_description":"Kim jeste\u015bmy Operatorem Serwisu www.decimal.pl jest Decimal P.S.A., z siedzib\u0105 w Krakowie przy ul. Ostatnia 1C, wpisan\u0105 do Rejestru Przedsi\u0119biorc\u00f3w, prowadzonego przez S\u0105d Rejonowy dla Krakowa \u015ar\u00f3dmie\u015bcia w Krakowie \u2013 XI Gospodarczy Krajowego Rejestru S\u0105dowego pod numerem 0000919010, numer NIP 9452247293. Serwis realizuje funkcje pozyskiwania informacji o u\u017cytkownikach i ich zachowaniu w nast\u0119puj\u0105cy spos\u00f3b: Poprzez [&hellip;]","og_url":"https:\/\/decimal.pl\/?page_id=3","og_site_name":"Decimal","article_publisher":"https:\/\/www.facebook.com\/decimalpsa","article_modified_time":"2021-09-27T07:51:10+00:00","twitter_card":"summary_large_image","twitter_misc":{"Szacowany czas czytania":"4 minuty"},"schema":{"@context":"https:\/\/schema.org","@graph":[{"@type":"WebPage","@id":"https:\/\/decimal.pl\/?page_id=3","url":"https:\/\/decimal.pl\/?page_id=3","name":"Polityka prywatno\u015bci &#8211; Decimal","isPartOf":{"@id":"https:\/\/decimal.pl\/#website"},"datePublished":"2021-08-24T14:24:08+00:00","dateModified":"2021-09-27T07:51:10+00:00","breadcrumb":{"@id":"https:\/\/decimal.pl\/?page_id=3#breadcrumb"},"inLanguage":"pl-PL","potentialAction":[{"@type":"ReadAction","target":["https:\/\/decimal.pl\/?page_id=3"]}]},{"@type":"BreadcrumbList","@id":"https:\/\/decimal.pl\/?page_id=3#breadcrumb","itemListElement":[{"@type":"ListItem","position":1,"name":"Strona g\u0142\u00f3wna","item":"https:\/\/decimal.pl\/?page_id=206"},{"@type":"ListItem","position":2,"name":"Polityka prywatno\u015bci"}]},{"@type":"WebSite","@id":"https:\/\/decimal.pl\/#website","url":"https:\/\/decimal.pl\/","name":"Decimal","description":"","publisher":{"@id":"https:\/\/decimal.pl\/#organization"},"potentialAction":[{"@type":"SearchAction","target":{"@type":"EntryPoint","urlTemplate":"https:\/\/decimal.pl\/?s={search_term_string}"},"query-input":{"@type":"PropertyValueSpecification","valueRequired":true,"valueName":"search_term_string"}}],"inLanguage":"pl-PL"},{"@type":"Organization","@id":"https:\/\/decimal.pl\/#organization","name":"Decimal P.S.A.","url":"https:\/\/decimal.pl\/","logo":{"@type":"ImageObject","inLanguage":"pl-PL","@id":"https:\/\/decimal.pl\/#\/schema\/logo\/image\/","url":"https:\/\/decimal.pl\/wp-content\/uploads\/2021\/09\/logo-main-decimal.-3.png","contentUrl":"https:\/\/decimal.pl\/wp-content\/uploads\/2021\/09\/logo-main-decimal.-3.png","width":1119,"height":530,"caption":"Decimal P.S.A."},"image":{"@id":"https:\/\/decimal.pl\/#\/schema\/logo\/image\/"},"sameAs":["https:\/\/www.facebook.com\/decimalpsa","https:\/\/www.instagram.com\/decimal.pl\/","https:\/\/www.linkedin.com\/company\/decimal-p-s-a"]}]}},"_links":{"self":[{"href":"https:\/\/decimal.pl\/index.php?rest_route=\/wp\/v2\/pages\/3","targetHints":{"allow":["GET"]}}],"collection":[{"href":"https:\/\/decimal.pl\/index.php?rest_route=\/wp\/v2\/pages"}],"about":[{"href":"https:\/\/decimal.pl\/index.php?rest_route=\/wp\/v2\/types\/page"}],"author":[{"embeddable":true,"href":"https:\/\/decimal.pl\/index.php?rest_route=\/wp\/v2\/users\/1"}],"replies":[{"embeddable":true,"href":"https:\/\/decimal.pl\/index.php?rest_route=%2Fwp%2Fv2%2Fcomments&post=3"}],"version-history":[{"count":0,"href":"https:\/\/decimal.pl\/index.php?rest_route=\/wp\/v2\/pages\/3\/revisions"}],"wp:attachment":[{"href":"https:\/\/decimal.pl\/index.php?rest_route=%2Fwp%2Fv2%2Fmedia&parent=3"}],"curies":[{"name":"wp","href":"https:\/\/api.w.org\/{rel}","templated":true}]}}